{"id":104,"date":"2024-11-14T23:41:30","date_gmt":"2024-11-14T23:41:30","guid":{"rendered":"https:\/\/tanie-okna.slupsk.pl\/?post_type=product&#038;p=104"},"modified":"2024-11-17T22:29:19","modified_gmt":"2024-11-17T22:29:19","slug":"okno-pcv-salamander-zloty-dab-166-cm-x-136-cm-3-szyby-ciepla-ramka-termiczny-uw-080-w-m%c2%b2%c2%b7k","status":"publish","type":"product","link":"https:\/\/tanie-okna.slupsk.pl\/?product=okno-pcv-salamander-zloty-dab-166-cm-x-136-cm-3-szyby-ciepla-ramka-termiczny-uw-080-w-m%c2%b2%c2%b7k","title":{"rendered":"OKNO PCV SALAMANDER Z\u0141OTY D\u0104B 166 cm x  136 cm 3 szyby ciep\u0142a ramka , Termiczny Uw = 0,80 W\/m\u00b2\u00b7K"},"content":{"rendered":"<p>OKNO PCV SALAMANDER Z\u0141OTY D\u0104B EKO-OKNA S.A.<\/p>\n<p>Termiczny Uw = 0,80 W\/m\u00b2\u00b7K<\/p>\n<p>Wymiary 1660 mm x 1360 mm<br \/>\nKod okleiny<br \/>\no\u015bcie\u017cnicy REN 9.2178001-116700<br \/>\nKod okleiny<br \/>\nskrzyd\u0142a REN 9.2178001-116700<br \/>\nKolor rdzenia i uszczelki w o\u015bcie\u017cnicy<\/p>\n<p>Rdze\u0144 Karmelowy &#8211; Czarna uszczelka<\/p>\n<p>Wype\u0142nienie rowka d\u00f3\u0142<br \/>\nOdwodnienia &#8211; d\u00f3\u0142 Odwodnienia STD (widoczne, od czo\u0142a)<br \/>\nDekompresja<br \/>\nramy &#8211; g\u00f3ra Tak<br \/>\nRodzaj zgrzewu V-Perfect<br \/>\nszklenie 4th\/18Ar\/4\/18Ar\/4th [Ug=0.5]<br \/>\nListwa<br \/>\nprzyszybowa LISTWA CLASSIC &#8211; LINE<br \/>\nSkrzyd\u0142o HO8521 skrzyd\u0142o PROSTE NIEZLICOWANE 85mm<br \/>\nListwa<br \/>\nprzyszybowa LISTWA CLASSIC &#8211; LINE<br \/>\nOkucie Rozwierno-Uchylne &#8211; SIEGENIA TITAN<br \/>\nWersja okucia Standard<\/p>\n<p>Gotowe do czyste powietrze<\/p>\n","protected":false},"excerpt":{"rendered":"<p>OKNO Z\u0141OTY D\u0104B SALAMANDER 82 3 Szyby z ciep\u0142\u0105 ramk\u0105. Wsp\u00f3\u0142czynnik Uw = 0,77 W\/m\u00b2\u00b7K<\/p>\n","protected":false},"featured_media":106,"template":"","meta":[],"product_brand":[],"product_cat":[19],"product_tag":[22,20,21],"class_list":{"0":"post-104","1":"product","2":"type-product","3":"status-publish","4":"has-post-thumbnail","6":"product_cat-okna-pcv","7":"product_tag-3-szyby","8":"product_tag-okno-pcv","9":"product_tag-salamander","11":"first","12":"instock","13":"taxable","14":"shipping-taxable","15":"purchasable","16":"product-type-simple"},"_links":{"self":[{"href":"https:\/\/tanie-okna.slupsk.pl\/index.php?rest_route=\/wp\/v2\/product\/104","targetHints":{"allow":["GET"]}}],"collection":[{"href":"https:\/\/tanie-okna.slupsk.pl\/index.php?rest_route=\/wp\/v2\/product"}],"about":[{"href":"https:\/\/tanie-okna.slupsk.pl\/index.php?rest_route=\/wp\/v2\/types\/product"}],"wp:featuredmedia":[{"embeddable":true,"href":"https:\/\/tanie-okna.slupsk.pl\/index.php?rest_route=\/wp\/v2\/media\/106"}],"wp:attachment":[{"href":"https:\/\/tanie-okna.slupsk.pl\/index.php?rest_route=%2Fwp%2Fv2%2Fmedia&parent=104"}],"wp:term":[{"taxonomy":"product_brand","embeddable":true,"href":"https:\/\/tanie-okna.slupsk.pl\/index.php?rest_route=%2Fwp%2Fv2%2Fproduct_brand&post=104"},{"taxonomy":"product_cat","embeddable":true,"href":"https:\/\/tanie-okna.slupsk.pl\/index.php?rest_route=%2Fwp%2Fv2%2Fproduct_cat&post=104"},{"taxonomy":"product_tag","embeddable":true,"href":"https:\/\/tanie-okna.slupsk.pl\/index.php?rest_route=%2Fwp%2Fv2%2Fproduct_tag&post=104"}],"curies":[{"name":"wp","href":"https:\/\/api.w.org\/{rel}","templated":true}]}}